{"id":304,"date":"2020-03-13T10:55:02","date_gmt":"2020-03-13T08:55:02","guid":{"rendered":"https:\/\/redclick.eu\/?page_id=304"},"modified":"2025-12-30T05:21:17","modified_gmt":"2025-12-30T03:21:17","slug":"privacy","status":"publish","type":"page","link":"https:\/\/redclick.eu\/et\/privacy\/","title":{"rendered":"Privaatsuspoliitika"},"content":{"rendered":"\n<p>RedClick O\u00dc on p\u00fchendunud teie privaatsuse kaitsmisele. Kui teil on k\u00fcsimusi v\u00f5i probleeme seoses teie isikuandmete kasutamisega, v\u00f5tke meiega \u00fchendust aadressil <a rel=\"noreferrer noopener\" href=\"mailto:mail@redclick.eu\" target=\"_blank\">mail@redclick.eu<\/a> ja me aitame teid hea meelega.<\/p>\n\n\n\n<p>Selle saidi v\u00f5i \/ ja meie teenuste kasutamisega n\u00f5ustute oma isikuandmete t\u00f6\u00f6tlemisega vastavalt k\u00e4esolevale privaatsuspoliitikale.<\/p>\n\n\n\n<h2 class=\"wp-block-heading\"><strong>Sisukord<\/strong><\/h2>\n\n\n\n<ol class=\"wp-block-list\" type=\"1\"><li>Selles poliitikas kasutatud m\u00f5isted<\/li><li>Andmekaitse p\u00f5him\u00f5tted, mida j\u00e4rgime<\/li><li>Millised \u00f5igused teil on seoses teie isikuandmetega<\/li><li>Milliseid isikuandmeid me teie kohta kogume<\/li><li>Kuidas me teie isikuandmeid kasutame<\/li><li>Kellel veel on juurdep\u00e4\u00e4s teie isikuandmetele<\/li><li>Kuidas me teie andmeid turvame?<\/li><li>Teave k\u00fcpsiste kohta<\/li><\/ol>\n\n\n\n<h2 class=\"wp-block-heading\">M\u00f5isted<\/h2>\n\n\n\n<p><strong>Isikuandmed<\/strong> &#8211; igasugune teave tuvastatud v\u00f5i tuvastatava f\u00fc\u00fcsilise isiku kohta.<br><strong>T\u00f6\u00f6tlemine<\/strong> &#8211; mis tahes toiming v\u00f5i toimingute kogum, mida teostatakse Isikuandmete v\u00f5i Isikuandmete komplektidega.<br><strong>Andmesubjekt<\/strong> &#8211; f\u00fc\u00fcsiline isik, kelle isikuandmeid t\u00f6\u00f6deldakse.<br><strong>Laps<\/strong> &#8211; alla 16-aastane f\u00fc\u00fcsiline isik.<br><strong>Meie<\/strong> (kas suurt\u00e4htedega v\u00f5i mitte) &#8211; RedClick O\u00dc<\/p>\n\n\n\n<h2 class=\"wp-block-heading\"><strong>Andmekaitse p\u00f5him\u00f5tted<\/strong><\/h2>\n\n\n\n<p>Lubame j\u00e4rgida j\u00e4rgmisi andmekaitse p\u00f5him\u00f5tteid:<\/p>\n\n\n\n<ul class=\"wp-block-list\"><li>T\u00f6\u00f6tlemine on seaduslik, \u00f5iglane, l\u00e4bipaistev. Meie t\u00f6\u00f6tlemistoimingutel on seaduslik alus. Enne isikuandmete t\u00f6\u00f6tlemist arvestame alati teie \u00f5igustega. Pakume teile teavet t\u00f6\u00f6tlemine n\u00f5udmisel.<\/li><li>T\u00f6\u00f6tlemine on piiratud eesm\u00e4rgiga. Meie t\u00f6\u00f6tlemistoimingud sobivad selleks, milleks isikuandmeid koguti.<\/li><li>T\u00f6\u00f6tlemine toimub minimaalsete andmetega. Kogume ja t\u00f6\u00f6tleme ainult mis tahes otstarbel vajalikku minimaalset arvu isikuandmeid.<\/li><li>T\u00f6\u00f6tlemine on piiratud ajaperioodiga. Me ei salvesta teie isikuandmeid kauem kui vaja.<\/li><li>Anname endast parima, et tagada andmete \u00f5igsus.<\/li><li>Anname endast parima, et tagada andmete terviklikkus ja konfidentsiaalsus.<\/li><\/ul>\n\n\n\n<h2 class=\"wp-block-heading\"><strong>Andmesubjekti \u00f5igused<\/strong><\/h2>\n\n\n\n<p>Andmesubjektil on j\u00e4rgmised \u00f5igused:<\/p>\n\n\n\n<ol class=\"wp-block-list\" type=\"1\"><li>\u00d5igus teabele &#8211; see t\u00e4hendab, et teil on \u00f5igus teada, kas teie isikuandmeid t\u00f6\u00f6deldakse; milliseid andmeid kogutakse, kust neid saadakse ning miks ja kelle poolt neid t\u00f6\u00f6deldakse.<\/li><li>Juurdep\u00e4\u00e4su\u00f5igus &#8211; see t\u00e4hendab, et teil on \u00f5igus p\u00e4\u00e4seda juurde teie enda kohta kogutud andmetele. See h\u00f5lmab teie \u00f5igust taotleda ja hankida kogutud isiklikest andmetest koopia.<\/li><li>\u00d5igus parandusele &#8211; see t\u00e4hendab, et teil on \u00f5igus n\u00f5uda oma ebaseaduslike v\u00f5i mittet\u00e4ielike isikuandmete parandamist v\u00f5i kustutamist.<\/li><li>Kustutamis\u00f5igus &#8211; teatud olukorras v\u00f5ite taotleda oma isikuandmete kustutamist meie registritest.<\/li><li>\u00d5igus t\u00f6\u00f6tlemist piirata &#8211; see t\u00e4hendab, et teatud tingimuste korral on teil \u00f5igus piirata oma isikuandmete t\u00f6\u00f6tlemist.<\/li><li>\u00d5igus t\u00f6\u00f6tlemisele vastuv\u00e4iteid esitada &#8211; m\u00f5nel juhul on teil teatud juhtudel \u00f5igus esitada vastuv\u00e4iteid oma isikuandmete t\u00f6\u00f6tlemisele, n\u00e4iteks otseturunduse korral.<\/li><li>\u00d5igus esitada vastuv\u00e4iteid automatiseeritud t\u00f6\u00f6tlemisele &#8211; see t\u00e4hendab, et teil on \u00f5igus esitada vastuv\u00e4iteid automatiseeritud t\u00f6\u00f6tlemisele, sealhulgas profiilide koostamisele; ja mitte tema suhtes tuleb kohaldada otsust, mis p\u00f5hineb ainult automatiseeritud t\u00f6\u00f6tlemisel. Seda \u00f5igust saate kasutada alati, kui m\u00f5ni profileerimise tulemus annab teile \u00f5iguslikke tagaj\u00e4rgi v\u00f5i m\u00f5jutab teid m\u00e4rkimisv\u00e4\u00e4rselt.<\/li><li>\u00d5igus andmete teisaldatavusele &#8211; teil on \u00f5igus saada oma isikuandmeid masinloetavas vormingus v\u00f5i kui see on teostatav, otsese \u00fclekandena \u00fchest protsessorist teise.<\/li><li>Kaebuse esitamise \u00f5igus &#8211; kui me teie juurdep\u00e4\u00e4su\u00f5iguse alusel teie taotluse tagasi l\u00fckkame, anname teile p\u00f5hjuse. Kui te pole oma p\u00e4ringu menetlemisega rahul, v\u00f5tke meiega \u00fchendust.<\/li><li>\u00d5igus j\u00e4relevalveasutuse abile &#8211; see t\u00e4hendab, et teil on \u00f5igus j\u00e4relevalveasutuse abile ja \u00f5igus muudele \u00f5iguskaitsevahenditele, n\u00e4iteks kahjutasu n\u00f5udmine.<\/li><li>N\u00f5usoleku tagasiv\u00f5tmise \u00f5igus &#8211; teil on \u00f5igus oma n\u00f5usolek oma isikuandmete t\u00f6\u00f6tlemiseks tagasi v\u00f5tta.<\/li><\/ol>\n\n\n\n<h2 class=\"wp-block-heading\"><strong>Kogume andmeid<\/strong><\/h2>\n\n\n\n<p><strong>Teave, mille olete meile edastanud<\/strong><br>See v\u00f5ib olla teie e-posti aadress, nimi, arveldusaadress, kodune aadress jne &#8211; peamiselt teave, mis on vajalik teile toote \/ teenuse tarnimiseks v\u00f5i meie kliendikogemuse parendamiseks. Salvestame teie edastatud teabe, et saaksite veebisaidil kommenteerida v\u00f5i muid toiminguid teha. See teave sisaldab n\u00e4iteks teie nime ja e-posti aadressi.<\/p>\n\n\n\n<p><strong>Teie kohta kogutakse automaatselt teavet<\/strong><br>See h\u00f5lmab teavet, mida k\u00fcpsised ja muud seansiriistad automaatselt salvestavad. N\u00e4iteks teie ostukorviteave, teie IP-aadress, ostude ajalugu (kui neid on) jne. Seda teavet kasutatakse teie kliendikogemuse parandamiseks. Kui kasutate meie teenuseid v\u00f5i vaatate meie veebisaidi sisu, v\u00f5idakse teie tegevused logida.<\/p>\n\n\n\n<p><strong>Avalikult k\u00e4ttesaadav teave<\/strong><br>V\u00f5ime koguda teie kohta avalikkusele k\u00e4ttesaadavat teavet.<\/p>\n\n\n\n<h2 class=\"wp-block-heading\"><strong>Kuidas me teie isikuandmeid kasutame<\/strong><\/h2>\n\n\n\n<p>Kasutame teie isikuandmeid j\u00e4rgmistel eesm\u00e4rkidel:<\/p>\n\n\n\n<ul class=\"wp-block-list\"><li>osutame teile oma teenust. See h\u00f5lmab n\u00e4iteks oma konto registreerimist; muude toodete ja teenuste pakkumine, mida olete soovinud; pakutakse teile soovil meeneid ja suheldakse nende toodete ja teenustega; suhelda ja suhelda; ja mis tahes teenuste muudatustest teavitamine.<\/li><li>t\u00e4iustage oma kliendikogemust;<\/li><li>t\u00e4ita seadusest v\u00f5i lepingust tulenev kohustus;<\/li><\/ul>\n\n\n\n<p>Me kasutame teie isikuandmeid \u00f5igustatud alustel ja \/ v\u00f5i teie n\u00f5usolekul.<\/p>\n\n\n\n<p>Lepingu s\u00f5lmimise v\u00f5i lepinguliste kohustuste t\u00e4itmise t\u00f5ttu t\u00f6\u00f6tleme teie isikuandmeid j\u00e4rgmistel eesm\u00e4rkidel:<\/p>\n\n\n\n<ul class=\"wp-block-list\"><li>teie tuvastamiseks;<\/li><li>teenuse pakkumine v\u00f5i toote saatmine \/ pakkumine;<\/li><li>suhelda kas m\u00fc\u00fcgi v\u00f5i arve esitamise eest;<\/li><\/ul>\n\n\n\n<p>\u00d5igustatud huvi t\u00f5ttu t\u00f6\u00f6tleme teie isikuandmeid j\u00e4rgmistel eesm\u00e4rkidel:<\/p>\n\n\n\n<ul class=\"wp-block-list\"><li>isikup\u00e4rastatud pakkumiste saatmiseks * (ainult USA);<\/li><li>hallata ja anal\u00fc\u00fcsida meie kliendibaasi (ostuk\u00e4itumine ja ajalugu), et parandada pakutavate \/ pakutavate toodete \/ teenuste kvaliteeti, mitmekesisust ja k\u00e4ttesaadavust;<\/li><li>viia l\u00e4bi k\u00fcsimustikke klientide rahulolu kohta;<\/li><\/ul>\n\n\n\n<p>Kuni te pole meid muul viisil teavitanud, loeme meie \u00f5igustatud huviks teile toodete \/ teenuste pakkumist, mis on sarnased v\u00f5i samad kui teie ostuajalugu \/ sirvimisk\u00e4itumine.<\/p>\n\n\n\n<p>Teie n\u00f5usolekul t\u00f6\u00f6tleme teie isikuandmeid j\u00e4rgmistel eesm\u00e4rkidel:<\/p>\n\n\n\n<ul class=\"wp-block-list\"><li>infolehtede ja kampaaniapakkumiste saatmiseks (ainult meilt);<\/li><li>muudel eesm\u00e4rkidel oleme palunud teie n\u00f5usolekut;<\/li><\/ul>\n\n\n\n<p>T\u00f6\u00f6tleme teie isikuandmeid seadusest tulenevate kohustuste t\u00e4itmiseks ja \/ v\u00f5i kasutame teie isikuandmeid seaduses s\u00e4testatud v\u00f5imaluste jaoks. J\u00e4tame endale \u00f5iguse kogutud isikuandmeid anon\u00fc\u00fcmseks muuta ja kasutada selliseid andmeid. Me ei kasuta selle poliitika reguleerimisalast v\u00e4lja j\u00e4\u00e4vaid andmeid ainult siis, kui need on anon\u00fc\u00fcmsed.<\/p>\n\n\n\n<p>V\u00f5ime teie isikuandmeid t\u00f6\u00f6delda t\u00e4iendavatel eesm\u00e4rkidel, mida siin ei nimetata, kuid mis \u00fchilduvad selle algse eesm\u00e4rgiga, milleks andmeid koguti. Selleks tagame, et:<\/p>\n\n\n\n<ul class=\"wp-block-list\"><li>seos isikuandmete eesm\u00e4rkide, konteksti ja olemuse vahel sobib edasiseks t\u00f6\u00f6tlemiseks;<\/li><li>edasine t\u00f6\u00f6tlemine ei kahjusta teie huve ja<\/li><li>t\u00f6\u00f6tlemiseks oleks sobiv kaitse.<\/li><\/ul>\n\n\n\n<p>Me teavitame teid k\u00f5igist edasistest t\u00f6\u00f6tlemistest ja eesm\u00e4rkidest.<\/p>\n\n\n\n<h2 class=\"wp-block-heading\">Kes veel p\u00e4\u00e4seb juurde teie isiklikele andmetele<\/h2>\n\n\n\n<p>Me ei jaga teie isikuandmeid kellegagi.<\/p>\n\n\n\n<h2 class=\"wp-block-heading\">Kuidas teie andmeid turvame?<\/h2>\n\n\n\n<p>Anname endast parima, et hoida teie isikuandmeid turvaliselt. Suhtlemiseks ja andmete edastamiseks kasutame turvalisi protokolle (n\u00e4iteks HTTPS). Vajaduse korral kasutame anon\u00fc\u00fcmseks muutmist ja pseudon\u00fc\u00fcmimist. J\u00e4lgime oma s\u00fcsteeme v\u00f5imalike haavatavuste ja r\u00fcnnakute osas.<br>Isegi kui anname endast parima, ei saa me teabe turvalisust tagada. Lubame siiski teavitada sobivaid asutusi andmerikkumistest. Samuti teavitame teid, kui teie \u00f5igusi v\u00f5i huve \u00e4hvardab oht. Teeme k\u00f5ik endast oleneva, et v\u00e4ltida turvarikkumisi ja abistada v\u00f5imuesindajaid rikkumiste ilmnemisel.<br>Kui teil on meie juures konto, pidage meeles, et peate oma kasutajanime ja parooli saladuses hoidma.<\/p>\n\n\n\n<h2 class=\"wp-block-heading\">Lapsed<\/h2>\n\n\n\n<p>Me ei kavatse lastelt teavet koguda ega teadlikult koguda. Me ei suuna oma teenuseid lastega.<\/p>\n\n\n\n<h2 class=\"wp-block-heading\">K\u00fcpsised ja muud tehnoloogiad, mida me kasutame<\/h2>\n\n\n\n<p>Kasutame k\u00fcpsiseid ja \/ v\u00f5i sarnaseid tehnoloogiaid klientide k\u00e4itumise anal\u00fc\u00fcsimiseks, veebisaidi haldamiseks, kasutajate liikumise j\u00e4lgimiseks ja kasutajate kohta teabe kogumiseks. Seda tehakse selleks, et isikup\u00e4rastada ja t\u00e4iustada teie kogemusi meiega.<br>K\u00fcpsis on teie arvutisse salvestatud pisike tekstifail. K\u00fcpsised salvestavad teavet, mida kasutatakse saitide toimimiseks. Ainult meil on juurdep\u00e4\u00e4s meie veebisaidi loodud k\u00fcpsistele. Oma k\u00fcpsiseid saate juhtida brauseri tasemel. K\u00fcpsiste keelamise valimine v\u00f5ib teatud funktsioonide kasutamist takistada.<\/p>\n\n\n\n<p><strong>Kasutame k\u00fcpsiseid j\u00e4rgmistel eesm\u00e4rkidel:<\/strong><\/p>\n\n\n\n<ul class=\"wp-block-list\"><li>Vajalikud k\u00fcpsised &#8211; need k\u00fcpsised on vajalikud selleks, et saaksite kasutada m\u00f5nda meie veebisaidi olulist funktsiooni, n\u00e4iteks sisse logida. Need k\u00fcpsised ei kogu isiklikku teavet.<\/li><li>Funktsionaalsusk\u00fcpsised &#8211; need k\u00fcpsised pakuvad funktsionaalsust, mis muudab meie teenuse kasutamise mugavamaks ja v\u00f5imaldab isikup\u00e4rasemate funktsioonide pakkumist. N\u00e4iteks v\u00f5ivad nad meelde j\u00e4tta teie nime ja e-kirja kommentaarivormides, nii et te ei pea seda teavet j\u00e4rgmine kord kommentaarides uuesti sisestama.<\/li><li>Analyticsi k\u00fcpsised &#8211; neid k\u00fcpsiseid kasutatakse meie veebisaidi ja teenuste kasutamise ja toimimise j\u00e4lgimiseks<\/li><li>Reklaamik\u00fcpsised &#8211; neid k\u00fcpsiseid kasutatakse teie ja teie huvidega seotud reklaamide edastamiseks. Lisaks kasutatakse neid selleks, et piirata reklaami n\u00e4itamise kordade arvu. Tavaliselt paigutavad nad veebisaidile operaatori loal reklaamiv\u00f5rgud. Need k\u00fcpsised m\u00e4letavad, et olete k\u00fclastanud veebisaiti ja seda teavet jagatakse teiste organisatsioonidega, n\u00e4iteks reklaamijatega. Sageli seotakse k\u00fcpsiste sihtimine v\u00f5i reklaamimine teise organisatsiooni pakutavate saidi funktsioonidega.<\/li><\/ul>\n\n\n\n<p>Teie arvutis salvestatud k\u00fcpsiseid saate brauseri s\u00e4tete kaudu eemaldada. Teise v\u00f5imalusena saate kontrollida m\u00f5nda kolmanda osapoole k\u00fcpsist, kasutades privaatsuse suurendamise platvormi, n\u00e4iteks <a rel=\"noreferrer noopener\" href=\"http:\/\/optout.aboutads.info\/#!\/\" target=\"_blank\">optout.aboutads.info<\/a> v\u00f5i <a rel=\"noreferrer noopener\" href=\"http:\/\/www.youronlinechoices.com\/\" target=\"_blank\">youronlinechoices.com<\/a>. K\u00fcpsiste kohta lisateabe saamiseks k\u00fclastage veebisaiti <a rel=\"noreferrer noopener\" href=\"http:\/\/www.allaboutcookies.org\/\" target=\"_blank\">allaboutcookies.org<\/a>.<\/p>\n\n\n\n<p>Kasutame oma veebisaidi liikluse m\u00f5\u00f5tmiseks Google Analyticsit. Google&#8217;il on oma privaatsuseeskirjad, mille saate \u00fcle vaadata <a href=\"https:\/\/support.google.com\/analytics\/answer\/6004245\" target=\"_blank\" rel=\"noreferrer noopener\">siin<\/a>. Kui soovite loobuda Google Analyticsi j\u00e4lgimisest, k\u00fclastage <a href=\"https:\/\/tools.google.com\/dlpage\/gaoptout\" target=\"_blank\" rel=\"noreferrer noopener\">Google Analytics opt-out page.<\/a><\/p>\n\n\n\n<h2 class=\"wp-block-heading\">Selle privaatsuspoliitika muudatused<\/h2>\n\n\n\n<p>J\u00e4tame endale \u00f5iguse muuta seda privaatsuspoliitikat.<br>Viimane muudatus tehti 3. mail 2020.<\/p>\n","protected":false},"excerpt":{"rendered":"<p>RedClick O\u00dc on p\u00fchendunud teie privaatsuse kaitsmisele. Kui teil on k\u00fcsimusi v\u00f5i probleeme seoses teie isikuandmete kasutamisega, v\u00f5tke meiega \u00fchendust aadressil mail@redclick.eu ja me aitame teid hea meelega. Selle saidi v\u00f5i \/ ja meie teenuste kasutamisega n\u00f5ustute oma isikuandmete t\u00f6\u00f6tlemisega vastavalt k\u00e4esolevale privaatsuspoliitikale. Sisukord Selles poliitikas kasutatud m\u00f5isted Andmekaitse p\u00f5him\u00f5tted, mida j\u00e4rgime Millised \u00f5igused teil &hellip; <a href=\"https:\/\/redclick.eu\/et\/privacy\/\">J\u00e4tkub<\/a><\/p>\n","protected":false},"author":1,"featured_media":0,"parent":0,"menu_order":0,"comment_status":"closed","ping_status":"closed","template":"views\/template-page-text.blade.php","meta":{"_acf_changed":false,"footnotes":""},"class_list":["post-304","page","type-page","status-publish","hentry"],"acf":[],"yoast_head":"<!-- This site is optimized with the Yoast SEO plugin v27.3 - https:\/\/yoast.com\/product\/yoast-seo-wordpress\/ -->\n<title>Privaatsuspoliitika | Red Click<\/title>\n<meta name=\"robots\" content=\"index, follow, max-snippet:-1, max-image-preview:large, max-video-preview:-1\" \/>\n<link rel=\"canonical\" href=\"https:\/\/redclick.eu\/et\/privacy\/\" \/>\n<meta property=\"og:locale\" content=\"et_EE\" \/>\n<meta property=\"og:type\" content=\"article\" \/>\n<meta property=\"og:title\" content=\"Privaatsuspoliitika | Red Click\" \/>\n<meta property=\"og:description\" content=\"RedClick O\u00dc on p\u00fchendunud teie privaatsuse kaitsmisele. Kui teil on k\u00fcsimusi v\u00f5i probleeme seoses teie isikuandmete kasutamisega, v\u00f5tke meiega \u00fchendust aadressil mail@redclick.eu ja me aitame teid hea meelega. Selle saidi v\u00f5i \/ ja meie teenuste kasutamisega n\u00f5ustute oma isikuandmete t\u00f6\u00f6tlemisega vastavalt k\u00e4esolevale privaatsuspoliitikale. Sisukord Selles poliitikas kasutatud m\u00f5isted Andmekaitse p\u00f5him\u00f5tted, mida j\u00e4rgime Millised \u00f5igused teil &hellip; J\u00e4tkub\" \/>\n<meta property=\"og:url\" content=\"https:\/\/redclick.eu\/et\/privacy\/\" \/>\n<meta property=\"og:site_name\" content=\"Red Click\" \/>\n<meta property=\"article:modified_time\" content=\"2025-12-30T03:21:17+00:00\" \/>\n<meta name=\"twitter:card\" content=\"summary_large_image\" \/>\n<meta name=\"twitter:label1\" content=\"Est. reading time\" \/>\n\t<meta name=\"twitter:data1\" content=\"6 minutit\" \/>\n<script type=\"application\/ld+json\" class=\"yoast-schema-graph\">{\"@context\":\"https:\\\/\\\/schema.org\",\"@graph\":[{\"@type\":\"WebPage\",\"@id\":\"https:\\\/\\\/redclick.eu\\\/et\\\/privacy\\\/\",\"url\":\"https:\\\/\\\/redclick.eu\\\/et\\\/privacy\\\/\",\"name\":\"Privaatsuspoliitika | Red Click\",\"isPartOf\":{\"@id\":\"https:\\\/\\\/redclick.eu\\\/et\\\/#website\"},\"datePublished\":\"2020-03-13T08:55:02+00:00\",\"dateModified\":\"2025-12-30T03:21:17+00:00\",\"breadcrumb\":{\"@id\":\"https:\\\/\\\/redclick.eu\\\/et\\\/privacy\\\/#breadcrumb\"},\"inLanguage\":\"et\",\"potentialAction\":[{\"@type\":\"ReadAction\",\"target\":[\"https:\\\/\\\/redclick.eu\\\/et\\\/privacy\\\/\"]}]},{\"@type\":\"BreadcrumbList\",\"@id\":\"https:\\\/\\\/redclick.eu\\\/et\\\/privacy\\\/#breadcrumb\",\"itemListElement\":[{\"@type\":\"ListItem\",\"position\":1,\"name\":\"Home\",\"item\":\"https:\\\/\\\/redclick.eu\\\/et\\\/\"},{\"@type\":\"ListItem\",\"position\":2,\"name\":\"Privaatsuspoliitika\"}]},{\"@type\":\"WebSite\",\"@id\":\"https:\\\/\\\/redclick.eu\\\/et\\\/#website\",\"url\":\"https:\\\/\\\/redclick.eu\\\/et\\\/\",\"name\":\"Red Click\",\"description\":\"Web development\",\"potentialAction\":[{\"@type\":\"SearchAction\",\"target\":{\"@type\":\"EntryPoint\",\"urlTemplate\":\"https:\\\/\\\/redclick.eu\\\/et\\\/?s={search_term_string}\"},\"query-input\":{\"@type\":\"PropertyValueSpecification\",\"valueRequired\":true,\"valueName\":\"search_term_string\"}}],\"inLanguage\":\"et\"}]}<\/script>\n<!-- \/ Yoast SEO plugin. -->","yoast_head_json":{"title":"Privaatsuspoliitika | Red Click","robots":{"index":"index","follow":"follow","max-snippet":"max-snippet:-1","max-image-preview":"max-image-preview:large","max-video-preview":"max-video-preview:-1"},"canonical":"https:\/\/redclick.eu\/et\/privacy\/","og_locale":"et_EE","og_type":"article","og_title":"Privaatsuspoliitika | Red Click","og_description":"RedClick O\u00dc on p\u00fchendunud teie privaatsuse kaitsmisele. Kui teil on k\u00fcsimusi v\u00f5i probleeme seoses teie isikuandmete kasutamisega, v\u00f5tke meiega \u00fchendust aadressil mail@redclick.eu ja me aitame teid hea meelega. Selle saidi v\u00f5i \/ ja meie teenuste kasutamisega n\u00f5ustute oma isikuandmete t\u00f6\u00f6tlemisega vastavalt k\u00e4esolevale privaatsuspoliitikale. Sisukord Selles poliitikas kasutatud m\u00f5isted Andmekaitse p\u00f5him\u00f5tted, mida j\u00e4rgime Millised \u00f5igused teil &hellip; J\u00e4tkub","og_url":"https:\/\/redclick.eu\/et\/privacy\/","og_site_name":"Red Click","article_modified_time":"2025-12-30T03:21:17+00:00","twitter_card":"summary_large_image","twitter_misc":{"Est. reading time":"6 minutit"},"schema":{"@context":"https:\/\/schema.org","@graph":[{"@type":"WebPage","@id":"https:\/\/redclick.eu\/et\/privacy\/","url":"https:\/\/redclick.eu\/et\/privacy\/","name":"Privaatsuspoliitika | Red Click","isPartOf":{"@id":"https:\/\/redclick.eu\/et\/#website"},"datePublished":"2020-03-13T08:55:02+00:00","dateModified":"2025-12-30T03:21:17+00:00","breadcrumb":{"@id":"https:\/\/redclick.eu\/et\/privacy\/#breadcrumb"},"inLanguage":"et","potentialAction":[{"@type":"ReadAction","target":["https:\/\/redclick.eu\/et\/privacy\/"]}]},{"@type":"BreadcrumbList","@id":"https:\/\/redclick.eu\/et\/privacy\/#breadcrumb","itemListElement":[{"@type":"ListItem","position":1,"name":"Home","item":"https:\/\/redclick.eu\/et\/"},{"@type":"ListItem","position":2,"name":"Privaatsuspoliitika"}]},{"@type":"WebSite","@id":"https:\/\/redclick.eu\/et\/#website","url":"https:\/\/redclick.eu\/et\/","name":"Red Click","description":"Web development","potentialAction":[{"@type":"SearchAction","target":{"@type":"EntryPoint","urlTemplate":"https:\/\/redclick.eu\/et\/?s={search_term_string}"},"query-input":{"@type":"PropertyValueSpecification","valueRequired":true,"valueName":"search_term_string"}}],"inLanguage":"et"}]}},"_links":{"self":[{"href":"https:\/\/redclick.eu\/et\/wp-json\/wp\/v2\/pages\/304","targetHints":{"allow":["GET"]}}],"collection":[{"href":"https:\/\/redclick.eu\/et\/wp-json\/wp\/v2\/pages"}],"about":[{"href":"https:\/\/redclick.eu\/et\/wp-json\/wp\/v2\/types\/page"}],"author":[{"embeddable":true,"href":"https:\/\/redclick.eu\/et\/wp-json\/wp\/v2\/users\/1"}],"replies":[{"embeddable":true,"href":"https:\/\/redclick.eu\/et\/wp-json\/wp\/v2\/comments?post=304"}],"version-history":[{"count":20,"href":"https:\/\/redclick.eu\/et\/wp-json\/wp\/v2\/pages\/304\/revisions"}],"predecessor-version":[{"id":840,"href":"https:\/\/redclick.eu\/et\/wp-json\/wp\/v2\/pages\/304\/revisions\/840"}],"wp:attachment":[{"href":"https:\/\/redclick.eu\/et\/wp-json\/wp\/v2\/media?parent=304"}],"curies":[{"name":"wp","href":"https:\/\/api.w.org\/{rel}","templated":true}]}}